{"id":2,"date":"2014-10-15T13:15:32","date_gmt":"2014-10-15T13:15:32","guid":{"rendered":"http:\/\/tradgard.gillgren.se\/?page_id=2"},"modified":"2018-10-24T07:53:57","modified_gmt":"2018-10-24T05:53:57","slug":"sample-page","status":"publish","type":"page","link":"http:\/\/tradgard.gillgren.se\/?page_id=2","title":{"rendered":"Blommor"},"content":{"rendered":"<p>Kamelian blommar hos Ulriksdals tr\u00e4dg\u00e5rdar. Blomman liknar en ros eller kanske en <a href=\"http:\/\/mediablomma.gillgren.se\/2017\/03\/img_5742.jpg\"><img loading=\"lazy\" decoding=\"async\" class=\"wp-image-18 alignright\" src=\"http:\/\/mediablomma.gillgren.se\/2017\/03\/img_5742.jpg\" alt=\"\" width=\"200\" height=\"200\" \/><\/a>pion. Man f\u00f6rv\u00e4ntar sig att den ska dofta men det g\u00f6r den inte. Den doftar inte alls.<\/p>\n<p>Cyklamen \u00e4r en fin h\u00f6stblomma tycker jag. Jag brukar k\u00f6pa en r\u00f6d under oktober. F\u00e4rgen harmonierar s\u00e5 bra med levande ljus i m\u00e4ssingsljusstakar.<\/p>\n<p>\u00a0<\/p>\n\n\n<div class=\"wp-block-image\"><figure class=\"alignright is-resized\"><img loading=\"lazy\" decoding=\"async\" src=\"http:\/\/mediablomma.gillgren.se\/2017\/04\/dvargcyklamen_0025.jpg\" alt=\"\" class=\"wp-image-163\" width=\"200\" height=\"200\"\/><\/figure><\/div>\n\n\n\n<p><strong>Cyklamen<\/strong> \u00e4r en fin h\u00f6stblomma tycker jag. Jag brukar k\u00f6pa en r\u00f6d under oktober. F\u00e4rgen harmonierar s\u00e5 bra med levande ljus i m\u00e4ssingsljusstakar.<br>Cyklamen finns \u00e4ven i ministorlek i handeln. Det \u00e4r just dv\u00e4rgvarianten som blommar i Bergianskas rhododendrondal.\u00a0De \u00e4r s\u00e5 pyttesm\u00e5 och lyser i b\u00e5de r\u00f6da och lila nyanser.<\/p>\n","protected":false},"excerpt":{"rendered":"<p>Kamelian blommar hos Ulriksdals tr\u00e4dg\u00e5rdar. Blomman liknar en ros eller kanske en pion. Man f\u00f6rv\u00e4ntar sig att den ska dofta men det g\u00f6r den inte. Den doftar inte alls. Cyklamen \u00e4r en fin h\u00f6stblomma tycker jag. Jag brukar k\u00f6pa en r\u00f6d under oktober. F\u00e4rgen harmonierar s\u00e5 bra med levande ljus i m\u00e4ssingsljusstakar. \u00a0 Cyklamen \u00e4r [&hellip;]<\/p>\n","protected":false},"author":1,"featured_media":0,"parent":0,"menu_order":0,"comment_status":"open","ping_status":"open","template":"","meta":{"footnotes":""},"class_list":["post-2","page","type-page","status-publish","hentry"],"_links":{"self":[{"href":"http:\/\/tradgard.gillgren.se\/index.php?rest_route=\/wp\/v2\/pages\/2","targetHints":{"allow":["GET"]}}],"collection":[{"href":"http:\/\/tradgard.gillgren.se\/index.php?rest_route=\/wp\/v2\/pages"}],"about":[{"href":"http:\/\/tradgard.gillgren.se\/index.php?rest_route=\/wp\/v2\/types\/page"}],"author":[{"embeddable":true,"href":"http:\/\/tradgard.gillgren.se\/index.php?rest_route=\/wp\/v2\/users\/1"}],"replies":[{"embeddable":true,"href":"http:\/\/tradgard.gillgren.se\/index.php?rest_route=%2Fwp%2Fv2%2Fcomments&post=2"}],"version-history":[{"count":7,"href":"http:\/\/tradgard.gillgren.se\/index.php?rest_route=\/wp\/v2\/pages\/2\/revisions"}],"predecessor-version":[{"id":670,"href":"http:\/\/tradgard.gillgren.se\/index.php?rest_route=\/wp\/v2\/pages\/2\/revisions\/670"}],"wp:attachment":[{"href":"http:\/\/tradgard.gillgren.se\/index.php?rest_route=%2Fwp%2Fv2%2Fmedia&parent=2"}],"curies":[{"name":"wp","href":"https:\/\/api.w.org\/{rel}","templated":true}]}}